{"id":6032,"date":"2021-11-05T14:16:30","date_gmt":"2021-11-05T14:16:30","guid":{"rendered":"https:\/\/tisasol.outlawz-ontwikkeling.nl\/?post_type=product&#038;p=6032"},"modified":"2024-01-05T13:34:39","modified_gmt":"2024-01-05T12:34:39","slug":"mobile-home-river-village-3","status":"publish","type":"product","link":"https:\/\/tisasol.nl\/fr\/hebergement\/mobile-home-river-village-3\/","title":{"rendered":"Mobile home River Village 328"},"content":{"rendered":"<p>Le mobile home est lou\u00e9 \u00e0 un maximum de 5 personnes. La taille est de 8 x 3 m et la v\u00e9randa couverte spacieuse est de 7 x 2 m. Vous pouvez garer votre voiture sur votre propre place de parking \u00e0 c\u00f4t\u00e9 du mobile home. Le mobile home dispose de 2 chambres pour un total de 5 personnes. Le mobile home est enti\u00e8rement meubl\u00e9. L'inventaire complet comprend un micro-ondes et une cafeti\u00e8re. Dans le mobile home, il est interdit de fumer. Les animaux domestiques sont autoris\u00e9s sur demande.<\/p>\n<ul>\n<li>2 chambres \u00e0 coucher<\/li>\n<li>5 couchettes fixes<\/li>\n<li>V\u00e9randa avec terrasse ext\u00e9rieure et mobilier<\/li>\n<li>Contemporain et luxueusement meubl\u00e9<\/li>\n<li>Cuisine enti\u00e8rement \u00e9quip\u00e9e<\/li>\n<li>Coin salon<\/li>\n<li>Salle de douche et toilettes<\/li>\n<li>Climatisation et chauffage<\/li>\n<\/ul>","protected":false},"excerpt":{"rendered":"<p>Le mobile home est lou\u00e9 \u00e0 un maximum de 5 personnes.<\/p>","protected":false},"featured_media":7126,"template":"","meta":{"_acf_changed":false},"product_brand":[],"product_cat":[80],"product_tag":[],"class_list":{"0":"post-6032","1":"product","2":"type-product","3":"status-publish","4":"has-post-thumbnail","6":"product_cat-camping-river-village","8":"first","9":"instock","10":"sold-individually","11":"taxable","12":"shipping-taxable","13":"purchasable","14":"product-type-booking"},"acf":[],"yoast_head":"<!-- This site is optimized with the Yoast SEO plugin v25.2 - https:\/\/yoast.com\/wordpress\/plugins\/seo\/ -->\n<title>Mobile home River Village 328 - Tisasol Zonvakanties<\/title>\n<meta name=\"robots\" content=\"index, follow, max-snippet:-1, max-image-preview:large, max-video-preview:-1\" \/>\n<link rel=\"canonical\" href=\"https:\/\/tisasol.nl\/fr\/hebergement\/mobile-home-river-village-3\/\" \/>\n<meta property=\"og:locale\" content=\"fr_FR\" \/>\n<meta property=\"og:type\" content=\"article\" \/>\n<meta property=\"og:title\" content=\"Mobile home River Village 328 - Tisasol Zonvakanties\" \/>\n<meta property=\"og:description\" content=\"De mobile home wordt verhuurd aan maximaal 5 personen.\" \/>\n<meta property=\"og:url\" content=\"https:\/\/tisasol.nl\/fr\/hebergement\/mobile-home-river-village-3\/\" \/>\n<meta property=\"og:site_name\" content=\"Tisasol Zonvakanties\" \/>\n<meta property=\"article:modified_time\" content=\"2024-01-05T12:34:39+00:00\" \/>\n<meta property=\"og:image\" content=\"https:\/\/tisasol.nl\/wp-content\/uploads\/IMG_20220619_130430-scaled.jpg\" \/>\n\t<meta property=\"og:image:width\" content=\"2560\" \/>\n\t<meta property=\"og:image:height\" content=\"1920\" \/>\n\t<meta property=\"og:image:type\" content=\"image\/jpeg\" \/>\n<meta name=\"twitter:card\" content=\"summary_large_image\" \/>\n<meta name=\"twitter:label1\" content=\"Est. reading time\" \/>\n\t<meta name=\"twitter:data1\" content=\"1 minute\" \/>\n<script type=\"application\/ld+json\" class=\"yoast-schema-graph\">{\"@context\":\"https:\/\/schema.org\",\"@graph\":[{\"@type\":\"WebPage\",\"@id\":\"https:\/\/tisasol.nl\/fr\/hebergement\/mobile-home-river-village-3\/\",\"url\":\"https:\/\/tisasol.nl\/fr\/hebergement\/mobile-home-river-village-3\/\",\"name\":\"Mobile home River Village 328 - Tisasol Zonvakanties\",\"isPartOf\":{\"@id\":\"https:\/\/tisasol.nl\/fr\/#website\"},\"primaryImageOfPage\":{\"@id\":\"https:\/\/tisasol.nl\/fr\/hebergement\/mobile-home-river-village-3\/#primaryimage\"},\"image\":{\"@id\":\"https:\/\/tisasol.nl\/fr\/hebergement\/mobile-home-river-village-3\/#primaryimage\"},\"thumbnailUrl\":\"https:\/\/tisasol.nl\/wp-content\/uploads\/IMG_20220619_130430-scaled.jpg\",\"datePublished\":\"2021-11-05T14:16:30+00:00\",\"dateModified\":\"2024-01-05T12:34:39+00:00\",\"breadcrumb\":{\"@id\":\"https:\/\/tisasol.nl\/fr\/hebergement\/mobile-home-river-village-3\/#breadcrumb\"},\"inLanguage\":\"fr-FR\",\"potentialAction\":[{\"@type\":\"ReadAction\",\"target\":[\"https:\/\/tisasol.nl\/fr\/hebergement\/mobile-home-river-village-3\/\"]}]},{\"@type\":\"ImageObject\",\"inLanguage\":\"fr-FR\",\"@id\":\"https:\/\/tisasol.nl\/fr\/hebergement\/mobile-home-river-village-3\/#primaryimage\",\"url\":\"https:\/\/tisasol.nl\/wp-content\/uploads\/IMG_20220619_130430-scaled.jpg\",\"contentUrl\":\"https:\/\/tisasol.nl\/wp-content\/uploads\/IMG_20220619_130430-scaled.jpg\",\"width\":2560,\"height\":1920},{\"@type\":\"BreadcrumbList\",\"@id\":\"https:\/\/tisasol.nl\/fr\/hebergement\/mobile-home-river-village-3\/#breadcrumb\",\"itemListElement\":[{\"@type\":\"ListItem\",\"position\":1,\"name\":\"Home\",\"item\":\"https:\/\/tisasol.nl\/fr\/\"},{\"@type\":\"ListItem\",\"position\":2,\"name\":\"Winkel\",\"item\":\"https:\/\/tisasol.nl\/fr\/hebergement\/\"},{\"@type\":\"ListItem\",\"position\":3,\"name\":\"Mobile home River Village 328\"}]},{\"@type\":\"WebSite\",\"@id\":\"https:\/\/tisasol.nl\/fr\/#website\",\"url\":\"https:\/\/tisasol.nl\/fr\/\",\"name\":\"Tisasol Zonvakanties\",\"description\":\"\",\"publisher\":{\"@id\":\"https:\/\/tisasol.nl\/fr\/#organization\"},\"potentialAction\":[{\"@type\":\"SearchAction\",\"target\":{\"@type\":\"EntryPoint\",\"urlTemplate\":\"https:\/\/tisasol.nl\/fr\/?s={search_term_string}\"},\"query-input\":{\"@type\":\"PropertyValueSpecification\",\"valueRequired\":true,\"valueName\":\"search_term_string\"}}],\"inLanguage\":\"fr-FR\"},{\"@type\":\"Organization\",\"@id\":\"https:\/\/tisasol.nl\/fr\/#organization\",\"name\":\"Tisasol Zonvakanties\",\"url\":\"https:\/\/tisasol.nl\/fr\/\",\"logo\":{\"@type\":\"ImageObject\",\"inLanguage\":\"fr-FR\",\"@id\":\"https:\/\/tisasol.nl\/fr\/#\/schema\/logo\/image\/\",\"url\":\"https:\/\/tisasol.nl\/wp-content\/uploads\/400dpilogo-1.png\",\"contentUrl\":\"https:\/\/tisasol.nl\/wp-content\/uploads\/400dpilogo-1.png\",\"width\":1920,\"height\":1160,\"caption\":\"Tisasol Zonvakanties\"},\"image\":{\"@id\":\"https:\/\/tisasol.nl\/fr\/#\/schema\/logo\/image\/\"}}]}<\/script>\n<!-- \/ Yoast SEO plugin. -->","yoast_head_json":{"title":"Mobile home River Village 328 - Tisasol Zonvakanties","robots":{"index":"index","follow":"follow","max-snippet":"max-snippet:-1","max-image-preview":"max-image-preview:large","max-video-preview":"max-video-preview:-1"},"canonical":"https:\/\/tisasol.nl\/fr\/hebergement\/mobile-home-river-village-3\/","og_locale":"fr_FR","og_type":"article","og_title":"Mobile home River Village 328 - Tisasol Zonvakanties","og_description":"De mobile home wordt verhuurd aan maximaal 5 personen.","og_url":"https:\/\/tisasol.nl\/fr\/hebergement\/mobile-home-river-village-3\/","og_site_name":"Tisasol Zonvakanties","article_modified_time":"2024-01-05T12:34:39+00:00","og_image":[{"width":2560,"height":1920,"url":"https:\/\/tisasol.nl\/wp-content\/uploads\/IMG_20220619_130430-scaled.jpg","type":"image\/jpeg"}],"twitter_card":"summary_large_image","twitter_misc":{"Est. reading time":"1 minute"},"schema":{"@context":"https:\/\/schema.org","@graph":[{"@type":"WebPage","@id":"https:\/\/tisasol.nl\/fr\/hebergement\/mobile-home-river-village-3\/","url":"https:\/\/tisasol.nl\/fr\/hebergement\/mobile-home-river-village-3\/","name":"Mobile home River Village 328 - Tisasol Zonvakanties","isPartOf":{"@id":"https:\/\/tisasol.nl\/fr\/#website"},"primaryImageOfPage":{"@id":"https:\/\/tisasol.nl\/fr\/hebergement\/mobile-home-river-village-3\/#primaryimage"},"image":{"@id":"https:\/\/tisasol.nl\/fr\/hebergement\/mobile-home-river-village-3\/#primaryimage"},"thumbnailUrl":"https:\/\/tisasol.nl\/wp-content\/uploads\/IMG_20220619_130430-scaled.jpg","datePublished":"2021-11-05T14:16:30+00:00","dateModified":"2024-01-05T12:34:39+00:00","breadcrumb":{"@id":"https:\/\/tisasol.nl\/fr\/hebergement\/mobile-home-river-village-3\/#breadcrumb"},"inLanguage":"fr-FR","potentialAction":[{"@type":"ReadAction","target":["https:\/\/tisasol.nl\/fr\/hebergement\/mobile-home-river-village-3\/"]}]},{"@type":"ImageObject","inLanguage":"fr-FR","@id":"https:\/\/tisasol.nl\/fr\/hebergement\/mobile-home-river-village-3\/#primaryimage","url":"https:\/\/tisasol.nl\/wp-content\/uploads\/IMG_20220619_130430-scaled.jpg","contentUrl":"https:\/\/tisasol.nl\/wp-content\/uploads\/IMG_20220619_130430-scaled.jpg","width":2560,"height":1920},{"@type":"BreadcrumbList","@id":"https:\/\/tisasol.nl\/fr\/hebergement\/mobile-home-river-village-3\/#breadcrumb","itemListElement":[{"@type":"ListItem","position":1,"name":"Home","item":"https:\/\/tisasol.nl\/fr\/"},{"@type":"ListItem","position":2,"name":"Winkel","item":"https:\/\/tisasol.nl\/fr\/hebergement\/"},{"@type":"ListItem","position":3,"name":"Mobile home River Village 328"}]},{"@type":"WebSite","@id":"https:\/\/tisasol.nl\/fr\/#website","url":"https:\/\/tisasol.nl\/fr\/","name":"Tisasol Zonvakanties","description":"","publisher":{"@id":"https:\/\/tisasol.nl\/fr\/#organization"},"potentialAction":[{"@type":"SearchAction","target":{"@type":"EntryPoint","urlTemplate":"https:\/\/tisasol.nl\/fr\/?s={search_term_string}"},"query-input":{"@type":"PropertyValueSpecification","valueRequired":true,"valueName":"search_term_string"}}],"inLanguage":"fr-FR"},{"@type":"Organization","@id":"https:\/\/tisasol.nl\/fr\/#organization","name":"Tisasol Zonvakanties","url":"https:\/\/tisasol.nl\/fr\/","logo":{"@type":"ImageObject","inLanguage":"fr-FR","@id":"https:\/\/tisasol.nl\/fr\/#\/schema\/logo\/image\/","url":"https:\/\/tisasol.nl\/wp-content\/uploads\/400dpilogo-1.png","contentUrl":"https:\/\/tisasol.nl\/wp-content\/uploads\/400dpilogo-1.png","width":1920,"height":1160,"caption":"Tisasol Zonvakanties"},"image":{"@id":"https:\/\/tisasol.nl\/fr\/#\/schema\/logo\/image\/"}}]}},"_links":{"self":[{"href":"https:\/\/tisasol.nl\/fr\/wp-json\/wp\/v2\/product\/6032","targetHints":{"allow":["GET"]}}],"collection":[{"href":"https:\/\/tisasol.nl\/fr\/wp-json\/wp\/v2\/product"}],"about":[{"href":"https:\/\/tisasol.nl\/fr\/wp-json\/wp\/v2\/types\/product"}],"wp:featuredmedia":[{"embeddable":true,"href":"https:\/\/tisasol.nl\/fr\/wp-json\/wp\/v2\/media\/7126"}],"wp:attachment":[{"href":"https:\/\/tisasol.nl\/fr\/wp-json\/wp\/v2\/media?parent=6032"}],"wp:term":[{"taxonomy":"product_brand","embeddable":true,"href":"https:\/\/tisasol.nl\/fr\/wp-json\/wp\/v2\/product_brand?post=6032"},{"taxonomy":"product_cat","embeddable":true,"href":"https:\/\/tisasol.nl\/fr\/wp-json\/wp\/v2\/product_cat?post=6032"},{"taxonomy":"product_tag","embeddable":true,"href":"https:\/\/tisasol.nl\/fr\/wp-json\/wp\/v2\/product_tag?post=6032"}],"curies":[{"name":"wp","href":"https:\/\/api.w.org\/{rel}","templated":true}]}}