{"id":4527,"date":"2020-07-15T14:54:25","date_gmt":"2020-07-15T14:54:25","guid":{"rendered":"https:\/\/tisasol.outlawz-ontwikkeling.nl\/?page_id=4527"},"modified":"2020-11-09T13:40:17","modified_gmt":"2020-11-09T13:40:17","slug":"over-tisasol","status":"publish","type":"page","link":"https:\/\/tisasol.nl\/fr\/over-tisasol-2\/","title":{"rendered":"\u00c0 propos de Tisasol"},"content":{"rendered":"<div data-elementor-type=\"wp-page\" data-elementor-id=\"4527\" class=\"elementor elementor-4527\" data-elementor-post-type=\"page\">\n\t\t\t\t\t\t<section class=\"elementor-section elementor-top-section elementor-element elementor-element-9d4c353 elementor-section-stretched elementor-section-height-min-height elementor-section-items-bottom elementor-section-boxed elementor-section-height-default\" data-id=\"9d4c353\" data-element_type=\"section\" data-settings=\"{&quot;stretch_section&quot;:&quot;section-stretched&quot;,&quot;jet_parallax_layout_list&quot;:[{&quot;jet_parallax_layout_image&quot;:{&quot;url&quot;:&quot;&quot;,&quot;id&quot;:&quot;&quot;,&quot;size&quot;:&quot;&quot;},&quot;_id&quot;:&quot;8e908ab&quot;,&quot;jet_parallax_layout_image_tablet&quot;:{&quot;url&quot;:&quot;&quot;,&quot;id&quot;:&quot;&quot;,&quot;size&quot;:&quot;&quot;},&quot;jet_parallax_layout_image_mobile&quot;:{&quot;url&quot;:&quot;&quot;,&quot;id&quot;:&quot;&quot;,&quot;size&quot;:&quot;&quot;},&quot;jet_parallax_layout_speed&quot;:{&quot;unit&quot;:&quot;%&quot;,&quot;size&quot;:50,&quot;sizes&quot;:[]},&quot;jet_parallax_layout_type&quot;:&quot;scroll&quot;,&quot;jet_parallax_layout_direction&quot;:&quot;1&quot;,&quot;jet_parallax_layout_fx_direction&quot;:null,&quot;jet_parallax_layout_z_index&quot;:&quot;&quot;,&quot;jet_parallax_layout_bg_x&quot;:50,&quot;jet_parallax_layout_bg_x_tablet&quot;:&quot;&quot;,&quot;jet_parallax_layout_bg_x_mobile&quot;:&quot;&quot;,&quot;jet_parallax_layout_bg_y&quot;:50,&quot;jet_parallax_layout_bg_y_tablet&quot;:&quot;&quot;,&quot;jet_parallax_layout_bg_y_mobile&quot;:&quot;&quot;,&quot;jet_parallax_layout_bg_size&quot;:&quot;auto&quot;,&quot;jet_parallax_layout_bg_size_tablet&quot;:&quot;&quot;,&quot;jet_parallax_layout_bg_size_mobile&quot;:&quot;&quot;,&quot;jet_parallax_layout_animation_prop&quot;:&quot;transform&quot;,&quot;jet_parallax_layout_on&quot;:[&quot;desktop&quot;,&quot;tablet&quot;]}],&quot;background_background&quot;:&quot;classic&quot;}\">\n\t\t\t\t\t\t<div class=\"elementor-container elementor-column-gap-default\">\n\t\t\t\t\t<div class=\"elementor-column elementor-col-100 elementor-top-column elementor-element elementor-element-cbd7e5f\" data-id=\"cbd7e5f\" data-element_type=\"column\">\n\t\t\t<div class=\"elementor-widget-wrap elementor-element-populated\">\n\t\t\t\t\t\t<div class=\"elementor-element elementor-element-049fa8a elementor-widget elementor-widget-heading\" data-id=\"049fa8a\" data-element_type=\"widget\" data-widget_type=\"heading.default\">\n\t\t\t\t<div class=\"elementor-widget-container\">\n\t\t\t\t\t<h2 class=\"elementor-heading-title elementor-size-default\">\u00c0 propos de Tisasol<\/h2>\t\t\t\t<\/div>\n\t\t\t\t<\/div>\n\t\t\t\t\t<\/div>\n\t\t<\/div>\n\t\t\t\t\t<\/div>\n\t\t<\/section>\n\t\t\t\t<section class=\"elementor-section elementor-top-section elementor-element elementor-element-91136ab elementor-section-boxed elementor-section-height-default elementor-section-height-default\" data-id=\"91136ab\" data-element_type=\"section\" data-settings=\"{&quot;jet_parallax_layout_list&quot;:[{&quot;jet_parallax_layout_image&quot;:{&quot;url&quot;:&quot;&quot;,&quot;id&quot;:&quot;&quot;,&quot;size&quot;:&quot;&quot;},&quot;_id&quot;:&quot;bd0a485&quot;,&quot;jet_parallax_layout_image_tablet&quot;:{&quot;url&quot;:&quot;&quot;,&quot;id&quot;:&quot;&quot;,&quot;size&quot;:&quot;&quot;},&quot;jet_parallax_layout_image_mobile&quot;:{&quot;url&quot;:&quot;&quot;,&quot;id&quot;:&quot;&quot;,&quot;size&quot;:&quot;&quot;},&quot;jet_parallax_layout_speed&quot;:{&quot;unit&quot;:&quot;%&quot;,&quot;size&quot;:50,&quot;sizes&quot;:[]},&quot;jet_parallax_layout_type&quot;:&quot;scroll&quot;,&quot;jet_parallax_layout_direction&quot;:&quot;1&quot;,&quot;jet_parallax_layout_fx_direction&quot;:null,&quot;jet_parallax_layout_z_index&quot;:&quot;&quot;,&quot;jet_parallax_layout_bg_x&quot;:50,&quot;jet_parallax_layout_bg_x_tablet&quot;:&quot;&quot;,&quot;jet_parallax_layout_bg_x_mobile&quot;:&quot;&quot;,&quot;jet_parallax_layout_bg_y&quot;:50,&quot;jet_parallax_layout_bg_y_tablet&quot;:&quot;&quot;,&quot;jet_parallax_layout_bg_y_mobile&quot;:&quot;&quot;,&quot;jet_parallax_layout_bg_size&quot;:&quot;auto&quot;,&quot;jet_parallax_layout_bg_size_tablet&quot;:&quot;&quot;,&quot;jet_parallax_layout_bg_size_mobile&quot;:&quot;&quot;,&quot;jet_parallax_layout_animation_prop&quot;:&quot;transform&quot;,&quot;jet_parallax_layout_on&quot;:[&quot;desktop&quot;,&quot;tablet&quot;]}]}\">\n\t\t\t\t\t\t<div class=\"elementor-container elementor-column-gap-default\">\n\t\t\t\t\t<div class=\"elementor-column elementor-col-100 elementor-top-column elementor-element elementor-element-768e0eb\" data-id=\"768e0eb\" data-element_type=\"column\">\n\t\t\t<div class=\"elementor-widget-wrap elementor-element-populated\">\n\t\t\t\t\t\t<div class=\"elementor-element elementor-element-a75c16d elementor-widget elementor-widget-spacer\" data-id=\"a75c16d\" data-element_type=\"widget\" data-widget_type=\"spacer.default\">\n\t\t\t\t<div class=\"elementor-widget-container\">\n\t\t\t\t\t\t\t<div class=\"elementor-spacer\">\n\t\t\t<div class=\"elementor-spacer-inner\"><\/div>\n\t\t<\/div>\n\t\t\t\t\t\t<\/div>\n\t\t\t\t<\/div>\n\t\t\t\t\t<\/div>\n\t\t<\/div>\n\t\t\t\t\t<\/div>\n\t\t<\/section>\n\t\t\t\t<section class=\"elementor-section elementor-top-section elementor-element elementor-element-48e2688 elementor-section-full_width elementor-section-height-default elementor-section-height-default\" data-id=\"48e2688\" data-element_type=\"section\" data-settings=\"{&quot;jet_parallax_layout_list&quot;:[{&quot;jet_parallax_layout_image&quot;:{&quot;url&quot;:&quot;&quot;,&quot;id&quot;:&quot;&quot;,&quot;size&quot;:&quot;&quot;},&quot;_id&quot;:&quot;bd0a485&quot;,&quot;jet_parallax_layout_image_tablet&quot;:{&quot;url&quot;:&quot;&quot;,&quot;id&quot;:&quot;&quot;,&quot;size&quot;:&quot;&quot;},&quot;jet_parallax_layout_image_mobile&quot;:{&quot;url&quot;:&quot;&quot;,&quot;id&quot;:&quot;&quot;,&quot;size&quot;:&quot;&quot;},&quot;jet_parallax_layout_speed&quot;:{&quot;unit&quot;:&quot;%&quot;,&quot;size&quot;:50,&quot;sizes&quot;:[]},&quot;jet_parallax_layout_type&quot;:&quot;scroll&quot;,&quot;jet_parallax_layout_direction&quot;:&quot;1&quot;,&quot;jet_parallax_layout_fx_direction&quot;:null,&quot;jet_parallax_layout_z_index&quot;:&quot;&quot;,&quot;jet_parallax_layout_bg_x&quot;:50,&quot;jet_parallax_layout_bg_x_tablet&quot;:&quot;&quot;,&quot;jet_parallax_layout_bg_x_mobile&quot;:&quot;&quot;,&quot;jet_parallax_layout_bg_y&quot;:50,&quot;jet_parallax_layout_bg_y_tablet&quot;:&quot;&quot;,&quot;jet_parallax_layout_bg_y_mobile&quot;:&quot;&quot;,&quot;jet_parallax_layout_bg_size&quot;:&quot;auto&quot;,&quot;jet_parallax_layout_bg_size_tablet&quot;:&quot;&quot;,&quot;jet_parallax_layout_bg_size_mobile&quot;:&quot;&quot;,&quot;jet_parallax_layout_animation_prop&quot;:&quot;transform&quot;,&quot;jet_parallax_layout_on&quot;:[&quot;desktop&quot;,&quot;tablet&quot;]}]}\">\n\t\t\t\t\t\t<div class=\"elementor-container elementor-column-gap-default\">\n\t\t\t\t\t<div class=\"elementor-column elementor-col-50 elementor-top-column elementor-element elementor-element-c04e904\" data-id=\"c04e904\" data-element_type=\"column\">\n\t\t\t<div class=\"elementor-widget-wrap elementor-element-populated\">\n\t\t\t\t\t\t<div class=\"elementor-element elementor-element-f0a14e2 elementor-widget elementor-widget-text-editor\" data-id=\"f0a14e2\" data-element_type=\"widget\" data-widget_type=\"text-editor.default\">\n\t\t\t\t<div class=\"elementor-widget-container\">\n\t\t\t\t\t\t\t\t\t<p>Tisasol est un petit interm\u00e9diaire de vacances personnel de maisons mobiles dans le sud de la France et\u00a0<span style=\"color: var( --e-global-color-text ); font-family: var( --e-global-typography-text-font-family ), Sans-serif; font-weight: var( --e-global-typography-text-font-weight ); font-size: 1rem;\">Italie . Nous avons des maisons mobiles\u00a0<\/span><span style=\"color: var( --e-global-color-text ); font-family: var( --e-global-typography-text-font-family ), Sans-serif; font-weight: var( --e-global-typography-text-font-weight ); font-size: 1rem;\">sur les C\u00f4tes d'azur, en Dordogne et en Toscane. Ellen Velzeboer et Ruben Mogge ont pris ensemble l'initiative. L'id\u00e9e est n\u00e9e de l'id\u00e9e de combiner une atmosph\u00e8re de camping confortable pendant nos vacances avec un peu de confort de votre propre endroit et de votre chalet. Nous le souhaitons \u00e0 chaque famille et \u00e0 chaque couple qui part en vacances. D'une part, de beaux campings tr\u00e8s appr\u00e9ci\u00e9s avec des activit\u00e9s pour les jeunes et les moins jeunes, d'autre part, votre propre place et un mobil-home pour la tranquillit\u00e9 et un environnement fantastique m\u00eame si vous ne voulez pas rester seul sur le camping.<\/span><\/p><p>Nous avons trouv\u00e9 ces lieux et environnements dans les C\u00f4tes d'azur, en Dordogne et en Toscane. Soleil, mer, plage, camping et nature pour des vacances id\u00e9ales \u00e0 deux, et pour toute la famille.<\/p>\t\t\t\t\t\t\t\t<\/div>\n\t\t\t\t<\/div>\n\t\t\t\t\t<\/div>\n\t\t<\/div>\n\t\t\t\t<div class=\"elementor-column elementor-col-50 elementor-top-column elementor-element elementor-element-39866c0\" data-id=\"39866c0\" data-element_type=\"column\">\n\t\t\t<div class=\"elementor-widget-wrap elementor-element-populated\">\n\t\t\t\t\t\t<div class=\"elementor-element elementor-element-67e1931 elementor-widget elementor-widget-image\" data-id=\"67e1931\" data-element_type=\"widget\" data-widget_type=\"image.default\">\n\t\t\t\t<div class=\"elementor-widget-container\">\n\t\t\t\t\t\t\t\t\t\t\t\t\t\t\t<img fetchpriority=\"high\" decoding=\"async\" width=\"225\" height=\"300\" src=\"https:\/\/tisasol.nl\/wp-content\/uploads\/6e47861c-c8fb-4677-9d14-996ff96f68d6-2-225x300.jpg\" class=\"attachment-medium size-medium wp-image-5019\" alt=\"\" srcset=\"https:\/\/tisasol.nl\/wp-content\/uploads\/6e47861c-c8fb-4677-9d14-996ff96f68d6-2-225x300.jpg 225w, https:\/\/tisasol.nl\/wp-content\/uploads\/6e47861c-c8fb-4677-9d14-996ff96f68d6-2-768x1024.jpg 768w, https:\/\/tisasol.nl\/wp-content\/uploads\/6e47861c-c8fb-4677-9d14-996ff96f68d6-2-1152x1536.jpg 1152w, https:\/\/tisasol.nl\/wp-content\/uploads\/6e47861c-c8fb-4677-9d14-996ff96f68d6-2-600x800.jpg 600w, https:\/\/tisasol.nl\/wp-content\/uploads\/6e47861c-c8fb-4677-9d14-996ff96f68d6-2.jpg 1200w\" sizes=\"(max-width: 225px) 100vw, 225px\" \/>\t\t\t\t\t\t\t\t\t\t\t\t\t\t\t<\/div>\n\t\t\t\t<\/div>\n\t\t\t\t\t<\/div>\n\t\t<\/div>\n\t\t\t\t\t<\/div>\n\t\t<\/section>\n\t\t\t\t<section class=\"elementor-section elementor-top-section elementor-element elementor-element-6f900d6 elementor-section-boxed elementor-section-height-default elementor-section-height-default\" data-id=\"6f900d6\" data-element_type=\"section\" data-settings=\"{&quot;jet_parallax_layout_list&quot;:[{&quot;jet_parallax_layout_image&quot;:{&quot;url&quot;:&quot;&quot;,&quot;id&quot;:&quot;&quot;,&quot;size&quot;:&quot;&quot;},&quot;_id&quot;:&quot;bd0a485&quot;,&quot;jet_parallax_layout_image_tablet&quot;:{&quot;url&quot;:&quot;&quot;,&quot;id&quot;:&quot;&quot;,&quot;size&quot;:&quot;&quot;},&quot;jet_parallax_layout_image_mobile&quot;:{&quot;url&quot;:&quot;&quot;,&quot;id&quot;:&quot;&quot;,&quot;size&quot;:&quot;&quot;},&quot;jet_parallax_layout_speed&quot;:{&quot;unit&quot;:&quot;%&quot;,&quot;size&quot;:50,&quot;sizes&quot;:[]},&quot;jet_parallax_layout_type&quot;:&quot;scroll&quot;,&quot;jet_parallax_layout_direction&quot;:&quot;1&quot;,&quot;jet_parallax_layout_fx_direction&quot;:null,&quot;jet_parallax_layout_z_index&quot;:&quot;&quot;,&quot;jet_parallax_layout_bg_x&quot;:50,&quot;jet_parallax_layout_bg_x_tablet&quot;:&quot;&quot;,&quot;jet_parallax_layout_bg_x_mobile&quot;:&quot;&quot;,&quot;jet_parallax_layout_bg_y&quot;:50,&quot;jet_parallax_layout_bg_y_tablet&quot;:&quot;&quot;,&quot;jet_parallax_layout_bg_y_mobile&quot;:&quot;&quot;,&quot;jet_parallax_layout_bg_size&quot;:&quot;auto&quot;,&quot;jet_parallax_layout_bg_size_tablet&quot;:&quot;&quot;,&quot;jet_parallax_layout_bg_size_mobile&quot;:&quot;&quot;,&quot;jet_parallax_layout_animation_prop&quot;:&quot;transform&quot;,&quot;jet_parallax_layout_on&quot;:[&quot;desktop&quot;,&quot;tablet&quot;]}]}\">\n\t\t\t\t\t\t<div class=\"elementor-container elementor-column-gap-default\">\n\t\t\t\t\t<div class=\"elementor-column elementor-col-100 elementor-top-column elementor-element elementor-element-9543549\" data-id=\"9543549\" data-element_type=\"column\">\n\t\t\t<div class=\"elementor-widget-wrap elementor-element-populated\">\n\t\t\t\t\t\t<div class=\"elementor-element elementor-element-755d811 elementor-widget elementor-widget-spacer\" data-id=\"755d811\" data-element_type=\"widget\" data-widget_type=\"spacer.default\">\n\t\t\t\t<div class=\"elementor-widget-container\">\n\t\t\t\t\t\t\t<div class=\"elementor-spacer\">\n\t\t\t<div class=\"elementor-spacer-inner\"><\/div>\n\t\t<\/div>\n\t\t\t\t\t\t<\/div>\n\t\t\t\t<\/div>\n\t\t\t\t\t<\/div>\n\t\t<\/div>\n\t\t\t\t\t<\/div>\n\t\t<\/section>\n\t\t\t\t<\/div>","protected":false},"excerpt":{"rendered":"<p>Tisasol est une petite agence de vacances personnelle pour les maisons mobiles dans le sud de la France et en Italie. Nous avons des mobil-homes sur la C\u00f4te d'Azur, en Dordogne et en Toscane. Ellen Velzeboer et Ruben Mogge ont pris l'initiative ensemble. L'id\u00e9e est n\u00e9e de la r\u00e9flexion sur la mani\u00e8re de combiner une atmosph\u00e8re de camping agr\u00e9able avec un certain confort sur nos [...].<\/p>","protected":false},"author":1,"featured_media":0,"parent":0,"menu_order":0,"comment_status":"closed","ping_status":"closed","template":"","meta":{"_acf_changed":false,"footnotes":""},"class_list":["post-4527","page","type-page","status-publish","hentry"],"acf":[],"yoast_head":"<!-- This site is optimized with the Yoast SEO plugin v25.2 - https:\/\/yoast.com\/wordpress\/plugins\/seo\/ -->\n<title>Over Tisasol - Tisasol Zonvakanties<\/title>\n<meta name=\"robots\" content=\"index, follow, max-snippet:-1, max-image-preview:large, max-video-preview:-1\" \/>\n<link rel=\"canonical\" href=\"https:\/\/tisasol.nl\/fr\/over-tisasol-2\/\" \/>\n<meta property=\"og:locale\" content=\"fr_FR\" \/>\n<meta property=\"og:type\" content=\"article\" \/>\n<meta property=\"og:title\" content=\"Over Tisasol - Tisasol Zonvakanties\" \/>\n<meta property=\"og:description\" content=\"Tisasol is een kleine en persoonlijke vakantiebemiddelaar van mobilhomes in Zuid-Frankrijk en\u00a0Itali\u00eb . Wij hebben mobilehomes\u00a0aan de C\u00f4tes D\u2019azur, in de Dordogne en in in Toscane. Samen namen Ellen Velzeboer en Ruben Mogge hiertoe het initiatief. Het idee is ontstaan uit de gedachte hoe op onze vakanties een gezellige campingsfeer te combineren met enig comfort [&hellip;]\" \/>\n<meta property=\"og:url\" content=\"https:\/\/tisasol.nl\/fr\/over-tisasol-2\/\" \/>\n<meta property=\"og:site_name\" content=\"Tisasol Zonvakanties\" \/>\n<meta property=\"article:modified_time\" content=\"2020-11-09T13:40:17+00:00\" \/>\n<meta property=\"og:image\" content=\"https:\/\/tisasol.nl\/wp-content\/uploads\/6e47861c-c8fb-4677-9d14-996ff96f68d6-2-225x300.jpg\" \/>\n<meta name=\"twitter:card\" content=\"summary_large_image\" \/>\n<meta name=\"twitter:label1\" content=\"Est. reading time\" \/>\n\t<meta name=\"twitter:data1\" content=\"1 minute\" \/>\n<script type=\"application\/ld+json\" class=\"yoast-schema-graph\">{\"@context\":\"https:\/\/schema.org\",\"@graph\":[{\"@type\":\"WebPage\",\"@id\":\"https:\/\/tisasol.nl\/fr\/over-tisasol-2\/\",\"url\":\"https:\/\/tisasol.nl\/fr\/over-tisasol-2\/\",\"name\":\"Over Tisasol - Tisasol Zonvakanties\",\"isPartOf\":{\"@id\":\"https:\/\/tisasol.nl\/fr\/#website\"},\"primaryImageOfPage\":{\"@id\":\"https:\/\/tisasol.nl\/fr\/over-tisasol-2\/#primaryimage\"},\"image\":{\"@id\":\"https:\/\/tisasol.nl\/fr\/over-tisasol-2\/#primaryimage\"},\"thumbnailUrl\":\"https:\/\/tisasol.nl\/wp-content\/uploads\/6e47861c-c8fb-4677-9d14-996ff96f68d6-2-225x300.jpg\",\"datePublished\":\"2020-07-15T14:54:25+00:00\",\"dateModified\":\"2020-11-09T13:40:17+00:00\",\"breadcrumb\":{\"@id\":\"https:\/\/tisasol.nl\/fr\/over-tisasol-2\/#breadcrumb\"},\"inLanguage\":\"fr-FR\",\"potentialAction\":[{\"@type\":\"ReadAction\",\"target\":[\"https:\/\/tisasol.nl\/fr\/over-tisasol-2\/\"]}]},{\"@type\":\"ImageObject\",\"inLanguage\":\"fr-FR\",\"@id\":\"https:\/\/tisasol.nl\/fr\/over-tisasol-2\/#primaryimage\",\"url\":\"https:\/\/tisasol.nl\/wp-content\/uploads\/6e47861c-c8fb-4677-9d14-996ff96f68d6-2-225x300.jpg\",\"contentUrl\":\"https:\/\/tisasol.nl\/wp-content\/uploads\/6e47861c-c8fb-4677-9d14-996ff96f68d6-2-225x300.jpg\"},{\"@type\":\"BreadcrumbList\",\"@id\":\"https:\/\/tisasol.nl\/fr\/over-tisasol-2\/#breadcrumb\",\"itemListElement\":[{\"@type\":\"ListItem\",\"position\":1,\"name\":\"Home\",\"item\":\"https:\/\/tisasol.nl\/fr\/\"},{\"@type\":\"ListItem\",\"position\":2,\"name\":\"Over Tisasol\"}]},{\"@type\":\"WebSite\",\"@id\":\"https:\/\/tisasol.nl\/fr\/#website\",\"url\":\"https:\/\/tisasol.nl\/fr\/\",\"name\":\"Tisasol Zonvakanties\",\"description\":\"\",\"publisher\":{\"@id\":\"https:\/\/tisasol.nl\/fr\/#organization\"},\"potentialAction\":[{\"@type\":\"SearchAction\",\"target\":{\"@type\":\"EntryPoint\",\"urlTemplate\":\"https:\/\/tisasol.nl\/fr\/?s={search_term_string}\"},\"query-input\":{\"@type\":\"PropertyValueSpecification\",\"valueRequired\":true,\"valueName\":\"search_term_string\"}}],\"inLanguage\":\"fr-FR\"},{\"@type\":\"Organization\",\"@id\":\"https:\/\/tisasol.nl\/fr\/#organization\",\"name\":\"Tisasol Zonvakanties\",\"url\":\"https:\/\/tisasol.nl\/fr\/\",\"logo\":{\"@type\":\"ImageObject\",\"inLanguage\":\"fr-FR\",\"@id\":\"https:\/\/tisasol.nl\/fr\/#\/schema\/logo\/image\/\",\"url\":\"https:\/\/tisasol.nl\/wp-content\/uploads\/400dpilogo-1.png\",\"contentUrl\":\"https:\/\/tisasol.nl\/wp-content\/uploads\/400dpilogo-1.png\",\"width\":1920,\"height\":1160,\"caption\":\"Tisasol Zonvakanties\"},\"image\":{\"@id\":\"https:\/\/tisasol.nl\/fr\/#\/schema\/logo\/image\/\"}}]}<\/script>\n<!-- \/ Yoast SEO plugin. -->","yoast_head_json":{"title":"Over Tisasol - Tisasol Zonvakanties","robots":{"index":"index","follow":"follow","max-snippet":"max-snippet:-1","max-image-preview":"max-image-preview:large","max-video-preview":"max-video-preview:-1"},"canonical":"https:\/\/tisasol.nl\/fr\/over-tisasol-2\/","og_locale":"fr_FR","og_type":"article","og_title":"Over Tisasol - Tisasol Zonvakanties","og_description":"Tisasol is een kleine en persoonlijke vakantiebemiddelaar van mobilhomes in Zuid-Frankrijk en\u00a0Itali\u00eb . Wij hebben mobilehomes\u00a0aan de C\u00f4tes D\u2019azur, in de Dordogne en in in Toscane. Samen namen Ellen Velzeboer en Ruben Mogge hiertoe het initiatief. Het idee is ontstaan uit de gedachte hoe op onze vakanties een gezellige campingsfeer te combineren met enig comfort [&hellip;]","og_url":"https:\/\/tisasol.nl\/fr\/over-tisasol-2\/","og_site_name":"Tisasol Zonvakanties","article_modified_time":"2020-11-09T13:40:17+00:00","og_image":[{"url":"https:\/\/tisasol.nl\/wp-content\/uploads\/6e47861c-c8fb-4677-9d14-996ff96f68d6-2-225x300.jpg","type":"","width":"","height":""}],"twitter_card":"summary_large_image","twitter_misc":{"Est. reading time":"1 minute"},"schema":{"@context":"https:\/\/schema.org","@graph":[{"@type":"WebPage","@id":"https:\/\/tisasol.nl\/fr\/over-tisasol-2\/","url":"https:\/\/tisasol.nl\/fr\/over-tisasol-2\/","name":"Over Tisasol - Tisasol Zonvakanties","isPartOf":{"@id":"https:\/\/tisasol.nl\/fr\/#website"},"primaryImageOfPage":{"@id":"https:\/\/tisasol.nl\/fr\/over-tisasol-2\/#primaryimage"},"image":{"@id":"https:\/\/tisasol.nl\/fr\/over-tisasol-2\/#primaryimage"},"thumbnailUrl":"https:\/\/tisasol.nl\/wp-content\/uploads\/6e47861c-c8fb-4677-9d14-996ff96f68d6-2-225x300.jpg","datePublished":"2020-07-15T14:54:25+00:00","dateModified":"2020-11-09T13:40:17+00:00","breadcrumb":{"@id":"https:\/\/tisasol.nl\/fr\/over-tisasol-2\/#breadcrumb"},"inLanguage":"fr-FR","potentialAction":[{"@type":"ReadAction","target":["https:\/\/tisasol.nl\/fr\/over-tisasol-2\/"]}]},{"@type":"ImageObject","inLanguage":"fr-FR","@id":"https:\/\/tisasol.nl\/fr\/over-tisasol-2\/#primaryimage","url":"https:\/\/tisasol.nl\/wp-content\/uploads\/6e47861c-c8fb-4677-9d14-996ff96f68d6-2-225x300.jpg","contentUrl":"https:\/\/tisasol.nl\/wp-content\/uploads\/6e47861c-c8fb-4677-9d14-996ff96f68d6-2-225x300.jpg"},{"@type":"BreadcrumbList","@id":"https:\/\/tisasol.nl\/fr\/over-tisasol-2\/#breadcrumb","itemListElement":[{"@type":"ListItem","position":1,"name":"Home","item":"https:\/\/tisasol.nl\/fr\/"},{"@type":"ListItem","position":2,"name":"Over Tisasol"}]},{"@type":"WebSite","@id":"https:\/\/tisasol.nl\/fr\/#website","url":"https:\/\/tisasol.nl\/fr\/","name":"Tisasol Zonvakanties","description":"","publisher":{"@id":"https:\/\/tisasol.nl\/fr\/#organization"},"potentialAction":[{"@type":"SearchAction","target":{"@type":"EntryPoint","urlTemplate":"https:\/\/tisasol.nl\/fr\/?s={search_term_string}"},"query-input":{"@type":"PropertyValueSpecification","valueRequired":true,"valueName":"search_term_string"}}],"inLanguage":"fr-FR"},{"@type":"Organization","@id":"https:\/\/tisasol.nl\/fr\/#organization","name":"Tisasol Zonvakanties","url":"https:\/\/tisasol.nl\/fr\/","logo":{"@type":"ImageObject","inLanguage":"fr-FR","@id":"https:\/\/tisasol.nl\/fr\/#\/schema\/logo\/image\/","url":"https:\/\/tisasol.nl\/wp-content\/uploads\/400dpilogo-1.png","contentUrl":"https:\/\/tisasol.nl\/wp-content\/uploads\/400dpilogo-1.png","width":1920,"height":1160,"caption":"Tisasol Zonvakanties"},"image":{"@id":"https:\/\/tisasol.nl\/fr\/#\/schema\/logo\/image\/"}}]}},"_links":{"self":[{"href":"https:\/\/tisasol.nl\/fr\/wp-json\/wp\/v2\/pages\/4527","targetHints":{"allow":["GET"]}}],"collection":[{"href":"https:\/\/tisasol.nl\/fr\/wp-json\/wp\/v2\/pages"}],"about":[{"href":"https:\/\/tisasol.nl\/fr\/wp-json\/wp\/v2\/types\/page"}],"author":[{"embeddable":true,"href":"https:\/\/tisasol.nl\/fr\/wp-json\/wp\/v2\/users\/1"}],"replies":[{"embeddable":true,"href":"https:\/\/tisasol.nl\/fr\/wp-json\/wp\/v2\/comments?post=4527"}],"version-history":[{"count":0,"href":"https:\/\/tisasol.nl\/fr\/wp-json\/wp\/v2\/pages\/4527\/revisions"}],"wp:attachment":[{"href":"https:\/\/tisasol.nl\/fr\/wp-json\/wp\/v2\/media?parent=4527"}],"curies":[{"name":"wp","href":"https:\/\/api.w.org\/{rel}","templated":true}]}}