{"id":7206,"date":"2024-01-05T14:28:36","date_gmt":"2024-01-05T13:28:36","guid":{"rendered":"https:\/\/tisasol.nl\/?post_type=product&#038;p=7206"},"modified":"2024-01-05T14:35:01","modified_gmt":"2024-01-05T13:35:01","slug":"mobile-home-river-village-212","status":"publish","type":"product","link":"https:\/\/tisasol.nl\/de\/unterkunfte\/mobile-home-river-village-212\/","title":{"rendered":"Mobilheim River Village 212"},"content":{"rendered":"<p>Das Mobilheim wird an maximal 5 Personen vermietet. Die Gr\u00f6\u00dfe betr\u00e4gt 8 x 3 m und die ger\u00e4umige \u00fcberdachte Veranda 7 x 2 m. Sie k\u00f6nnen Ihr Auto auf einem eigenen Parkplatz neben dem Mobilheim abstellen. Das Mobilheim hat 2 Schlafzimmer f\u00fcr insgesamt 5 Personen. Das Mobilheim ist komplett eingerichtet. Zum umfangreichen Inventar geh\u00f6ren auch eine Mikrowelle und eine Kaffeemaschine. Im Mobilheim ist das Rauchen nicht erlaubt. Haustiere sind auf Anfrage erlaubt.<\/p>\n<ul>\n<li>2 Schlafzimmer<\/li>\n<li>4 vaste slaapplekken<\/li>\n<li>Veranda mit Au\u00dfenterrasse und M\u00f6beln<\/li>\n<li>Modern und luxuri\u00f6s eingerichtet<\/li>\n<li>Voll ausgestattete K\u00fcche<\/li>\n<li>Sch\u00f6ne Sitzecke<\/li>\n<li>Dusche und Toilettenraum<\/li>\n<li>Klimatisierung und Heizung<\/li>\n<\/ul>","protected":false},"excerpt":{"rendered":"<p>De mobile home wordt verhuurd aan maximaal 4 personen.<\/p>","protected":false},"featured_media":7220,"template":"","meta":{"_acf_changed":false},"product_brand":[],"product_cat":[80],"product_tag":[],"class_list":{"0":"post-7206","1":"product","2":"type-product","3":"status-publish","4":"has-post-thumbnail","6":"product_cat-camping-river-village","8":"first","9":"instock","10":"sold-individually","11":"taxable","12":"shipping-taxable","13":"purchasable","14":"product-type-booking"},"acf":[],"yoast_head":"<!-- This site is optimized with the Yoast SEO plugin v25.2 - https:\/\/yoast.com\/wordpress\/plugins\/seo\/ -->\n<title>Mobile home River Village 212 - Tisasol Zonvakanties<\/title>\n<meta name=\"robots\" content=\"index, follow, max-snippet:-1, max-image-preview:large, max-video-preview:-1\" \/>\n<link rel=\"canonical\" href=\"https:\/\/tisasol.nl\/de\/unterkunfte\/mobile-home-river-village-212\/\" \/>\n<meta property=\"og:locale\" content=\"de_DE\" \/>\n<meta property=\"og:type\" content=\"article\" \/>\n<meta property=\"og:title\" content=\"Mobile home River Village 212 - Tisasol Zonvakanties\" \/>\n<meta property=\"og:description\" content=\"De mobile home wordt verhuurd aan maximaal 4 personen.\" \/>\n<meta property=\"og:url\" content=\"https:\/\/tisasol.nl\/de\/unterkunfte\/mobile-home-river-village-212\/\" \/>\n<meta property=\"og:site_name\" content=\"Tisasol Zonvakanties\" \/>\n<meta property=\"article:modified_time\" content=\"2024-01-05T13:35:01+00:00\" \/>\n<meta property=\"og:image\" content=\"https:\/\/tisasol.nl\/wp-content\/uploads\/River-212-front-1.jpeg\" \/>\n\t<meta property=\"og:image:width\" content=\"1200\" \/>\n\t<meta property=\"og:image:height\" content=\"907\" \/>\n\t<meta property=\"og:image:type\" content=\"image\/jpeg\" \/>\n<meta name=\"twitter:card\" content=\"summary_large_image\" \/>\n<meta name=\"twitter:label1\" content=\"Est. reading time\" \/>\n\t<meta name=\"twitter:data1\" content=\"1 minute\" \/>\n<script type=\"application\/ld+json\" class=\"yoast-schema-graph\">{\"@context\":\"https:\/\/schema.org\",\"@graph\":[{\"@type\":\"WebPage\",\"@id\":\"https:\/\/tisasol.nl\/de\/unterkunfte\/mobile-home-river-village-212\/\",\"url\":\"https:\/\/tisasol.nl\/de\/unterkunfte\/mobile-home-river-village-212\/\",\"name\":\"Mobile home River Village 212 - Tisasol Zonvakanties\",\"isPartOf\":{\"@id\":\"https:\/\/tisasol.nl\/de\/#website\"},\"primaryImageOfPage\":{\"@id\":\"https:\/\/tisasol.nl\/de\/unterkunfte\/mobile-home-river-village-212\/#primaryimage\"},\"image\":{\"@id\":\"https:\/\/tisasol.nl\/de\/unterkunfte\/mobile-home-river-village-212\/#primaryimage\"},\"thumbnailUrl\":\"https:\/\/tisasol.nl\/wp-content\/uploads\/River-212-front-1.jpeg\",\"datePublished\":\"2024-01-05T13:28:36+00:00\",\"dateModified\":\"2024-01-05T13:35:01+00:00\",\"breadcrumb\":{\"@id\":\"https:\/\/tisasol.nl\/de\/unterkunfte\/mobile-home-river-village-212\/#breadcrumb\"},\"inLanguage\":\"de-DE\",\"potentialAction\":[{\"@type\":\"ReadAction\",\"target\":[\"https:\/\/tisasol.nl\/de\/unterkunfte\/mobile-home-river-village-212\/\"]}]},{\"@type\":\"ImageObject\",\"inLanguage\":\"de-DE\",\"@id\":\"https:\/\/tisasol.nl\/de\/unterkunfte\/mobile-home-river-village-212\/#primaryimage\",\"url\":\"https:\/\/tisasol.nl\/wp-content\/uploads\/River-212-front-1.jpeg\",\"contentUrl\":\"https:\/\/tisasol.nl\/wp-content\/uploads\/River-212-front-1.jpeg\",\"width\":1200,\"height\":907},{\"@type\":\"BreadcrumbList\",\"@id\":\"https:\/\/tisasol.nl\/de\/unterkunfte\/mobile-home-river-village-212\/#breadcrumb\",\"itemListElement\":[{\"@type\":\"ListItem\",\"position\":1,\"name\":\"Home\",\"item\":\"https:\/\/tisasol.nl\/de\/\"},{\"@type\":\"ListItem\",\"position\":2,\"name\":\"Winkel\",\"item\":\"https:\/\/tisasol.nl\/de\/unterkunfte\/\"},{\"@type\":\"ListItem\",\"position\":3,\"name\":\"Mobile home River Village 212\"}]},{\"@type\":\"WebSite\",\"@id\":\"https:\/\/tisasol.nl\/de\/#website\",\"url\":\"https:\/\/tisasol.nl\/de\/\",\"name\":\"Tisasol Zonvakanties\",\"description\":\"\",\"publisher\":{\"@id\":\"https:\/\/tisasol.nl\/de\/#organization\"},\"potentialAction\":[{\"@type\":\"SearchAction\",\"target\":{\"@type\":\"EntryPoint\",\"urlTemplate\":\"https:\/\/tisasol.nl\/de\/?s={search_term_string}\"},\"query-input\":{\"@type\":\"PropertyValueSpecification\",\"valueRequired\":true,\"valueName\":\"search_term_string\"}}],\"inLanguage\":\"de-DE\"},{\"@type\":\"Organization\",\"@id\":\"https:\/\/tisasol.nl\/de\/#organization\",\"name\":\"Tisasol Zonvakanties\",\"url\":\"https:\/\/tisasol.nl\/de\/\",\"logo\":{\"@type\":\"ImageObject\",\"inLanguage\":\"de-DE\",\"@id\":\"https:\/\/tisasol.nl\/de\/#\/schema\/logo\/image\/\",\"url\":\"https:\/\/tisasol.nl\/wp-content\/uploads\/400dpilogo-1.png\",\"contentUrl\":\"https:\/\/tisasol.nl\/wp-content\/uploads\/400dpilogo-1.png\",\"width\":1920,\"height\":1160,\"caption\":\"Tisasol Zonvakanties\"},\"image\":{\"@id\":\"https:\/\/tisasol.nl\/de\/#\/schema\/logo\/image\/\"}}]}<\/script>\n<!-- \/ Yoast SEO plugin. -->","yoast_head_json":{"title":"Mobile home River Village 212 - Tisasol Zonvakanties","robots":{"index":"index","follow":"follow","max-snippet":"max-snippet:-1","max-image-preview":"max-image-preview:large","max-video-preview":"max-video-preview:-1"},"canonical":"https:\/\/tisasol.nl\/de\/unterkunfte\/mobile-home-river-village-212\/","og_locale":"de_DE","og_type":"article","og_title":"Mobile home River Village 212 - Tisasol Zonvakanties","og_description":"De mobile home wordt verhuurd aan maximaal 4 personen.","og_url":"https:\/\/tisasol.nl\/de\/unterkunfte\/mobile-home-river-village-212\/","og_site_name":"Tisasol Zonvakanties","article_modified_time":"2024-01-05T13:35:01+00:00","og_image":[{"width":1200,"height":907,"url":"https:\/\/tisasol.nl\/wp-content\/uploads\/River-212-front-1.jpeg","type":"image\/jpeg"}],"twitter_card":"summary_large_image","twitter_misc":{"Est. reading time":"1 minute"},"schema":{"@context":"https:\/\/schema.org","@graph":[{"@type":"WebPage","@id":"https:\/\/tisasol.nl\/de\/unterkunfte\/mobile-home-river-village-212\/","url":"https:\/\/tisasol.nl\/de\/unterkunfte\/mobile-home-river-village-212\/","name":"Mobile home River Village 212 - Tisasol Zonvakanties","isPartOf":{"@id":"https:\/\/tisasol.nl\/de\/#website"},"primaryImageOfPage":{"@id":"https:\/\/tisasol.nl\/de\/unterkunfte\/mobile-home-river-village-212\/#primaryimage"},"image":{"@id":"https:\/\/tisasol.nl\/de\/unterkunfte\/mobile-home-river-village-212\/#primaryimage"},"thumbnailUrl":"https:\/\/tisasol.nl\/wp-content\/uploads\/River-212-front-1.jpeg","datePublished":"2024-01-05T13:28:36+00:00","dateModified":"2024-01-05T13:35:01+00:00","breadcrumb":{"@id":"https:\/\/tisasol.nl\/de\/unterkunfte\/mobile-home-river-village-212\/#breadcrumb"},"inLanguage":"de-DE","potentialAction":[{"@type":"ReadAction","target":["https:\/\/tisasol.nl\/de\/unterkunfte\/mobile-home-river-village-212\/"]}]},{"@type":"ImageObject","inLanguage":"de-DE","@id":"https:\/\/tisasol.nl\/de\/unterkunfte\/mobile-home-river-village-212\/#primaryimage","url":"https:\/\/tisasol.nl\/wp-content\/uploads\/River-212-front-1.jpeg","contentUrl":"https:\/\/tisasol.nl\/wp-content\/uploads\/River-212-front-1.jpeg","width":1200,"height":907},{"@type":"BreadcrumbList","@id":"https:\/\/tisasol.nl\/de\/unterkunfte\/mobile-home-river-village-212\/#breadcrumb","itemListElement":[{"@type":"ListItem","position":1,"name":"Home","item":"https:\/\/tisasol.nl\/de\/"},{"@type":"ListItem","position":2,"name":"Winkel","item":"https:\/\/tisasol.nl\/de\/unterkunfte\/"},{"@type":"ListItem","position":3,"name":"Mobile home River Village 212"}]},{"@type":"WebSite","@id":"https:\/\/tisasol.nl\/de\/#website","url":"https:\/\/tisasol.nl\/de\/","name":"Tisasol Zonvakanties","description":"","publisher":{"@id":"https:\/\/tisasol.nl\/de\/#organization"},"potentialAction":[{"@type":"SearchAction","target":{"@type":"EntryPoint","urlTemplate":"https:\/\/tisasol.nl\/de\/?s={search_term_string}"},"query-input":{"@type":"PropertyValueSpecification","valueRequired":true,"valueName":"search_term_string"}}],"inLanguage":"de-DE"},{"@type":"Organization","@id":"https:\/\/tisasol.nl\/de\/#organization","name":"Tisasol Zonvakanties","url":"https:\/\/tisasol.nl\/de\/","logo":{"@type":"ImageObject","inLanguage":"de-DE","@id":"https:\/\/tisasol.nl\/de\/#\/schema\/logo\/image\/","url":"https:\/\/tisasol.nl\/wp-content\/uploads\/400dpilogo-1.png","contentUrl":"https:\/\/tisasol.nl\/wp-content\/uploads\/400dpilogo-1.png","width":1920,"height":1160,"caption":"Tisasol Zonvakanties"},"image":{"@id":"https:\/\/tisasol.nl\/de\/#\/schema\/logo\/image\/"}}]}},"_links":{"self":[{"href":"https:\/\/tisasol.nl\/de\/wp-json\/wp\/v2\/product\/7206","targetHints":{"allow":["GET"]}}],"collection":[{"href":"https:\/\/tisasol.nl\/de\/wp-json\/wp\/v2\/product"}],"about":[{"href":"https:\/\/tisasol.nl\/de\/wp-json\/wp\/v2\/types\/product"}],"wp:featuredmedia":[{"embeddable":true,"href":"https:\/\/tisasol.nl\/de\/wp-json\/wp\/v2\/media\/7220"}],"wp:attachment":[{"href":"https:\/\/tisasol.nl\/de\/wp-json\/wp\/v2\/media?parent=7206"}],"wp:term":[{"taxonomy":"product_brand","embeddable":true,"href":"https:\/\/tisasol.nl\/de\/wp-json\/wp\/v2\/product_brand?post=7206"},{"taxonomy":"product_cat","embeddable":true,"href":"https:\/\/tisasol.nl\/de\/wp-json\/wp\/v2\/product_cat?post=7206"},{"taxonomy":"product_tag","embeddable":true,"href":"https:\/\/tisasol.nl\/de\/wp-json\/wp\/v2\/product_tag?post=7206"}],"curies":[{"name":"wp","href":"https:\/\/api.w.org\/{rel}","templated":true}]}}